{"id":66,"date":"2017-09-21T15:18:55","date_gmt":"2017-09-21T15:18:55","guid":{"rendered":"http:\/\/annika-doering.de\/?page_id=66"},"modified":"2026-01-03T12:32:19","modified_gmt":"2026-01-03T12:32:19","slug":"imprint","status":"publish","type":"page","link":"https:\/\/annika-doering.de\/?page_id=66","title":{"rendered":"Imprint"},"content":{"rendered":"<p class=\"bold\">Imprint Accord\u00ading to Ger\u00adman Law in German<\/p>\n<h3>Angaben gem\u00e4\u00df \u00a7 5&nbsp;TMG:<\/h3>\n<p class=\"standard\">Anni\u00adka D\u00f6ring<br class=\"clear\">Bres\u00adlauer Stra\u00dfe 14<br class=\"clear\">44809 Bochum<br class=\"clear\">Ger\u00admany<\/p>\n<h3>Kon\u00adtakt:<\/h3>\n<p class=\"standard\">Mobile:<span class=\"contact-data-margin-left-mobile\">+49 (0)179 | 44 21 66 5<\/span><br class=\"clear\">E\u2011Mail:<span class=\"contact-data-margin-left-mail\">info@annika-doering.de<\/span><\/p>\n<h3>Ver\u00adant\u00adwortlich f\u00fcr den Inhalt nach \u00a7 55 Abs. 2&nbsp;RStV:<\/h3>\n<p class=\"standard\">Anni\u00adka D\u00f6ring<br class=\"clear\">Bres\u00adlauer Stra\u00dfe 14<br class=\"clear\">44809 Bochum<\/p>\n<h3>Admin\u00adis\u00adtra\u00adtion und Design:<\/h3>\n<p class=\"standard\">Hans-Peter F\u00fchrer<br class=\"clear\">Joseph\u00adstra\u00dfe 42<br class=\"clear\">44791 Bochum<\/p>\n<p class=\"standard\">Mobile:<span class=\"contact-data-margin-left-mobile\">+49 (0)160 | 90 02 08 57<\/span><br class=\"clear\">E\u2011Mail:<span class=\"contact-data-margin-left-mail\">hpfuehrer@yahoo.de<\/span><\/p>\n<p class=\"standard\" style=\"margin-bottom: 6em;\">Mit\u00adglied im Net\u00adzw\u00aderk Bochumer Kreativer<br class=\"clear\"><a href=\"https:\/\/www.ruhrwissen.net\" target=\"_blank\" rel=\"noopener noreferrer\"><img decoding=\"async\" class=\"wp-image-2488 plain alignleft size-full\" style=\"width: 215px; height: 70px;\" src=\"https:\/\/annika-doering.de\/wp-content\/uploads\/2020\/02\/ad-global-logo-ruhrwissen-215x70-1.png\" alt=\"Annika D\u00f6ring: Global, Logo Ruhrwissen\" width=\"215\" height=\"70\"><\/a><\/p>\n<h3>Haf\u00adtung f\u00fcr Inhalte<\/h3>\n<p class=\"standard\">Als Dien\u00adstean\u00adbi\u00adeter ist die Betreiberin gem\u00e4\u00df \u00a7 7 Abs.1 TMG f\u00fcr eigene Inhalte auf diesen Seit\u00aden nach den all\u00adge\u00admeinen Geset\u00adzen ver\u00adant\u00adwortlich. Nach \u00a7\u00a7 8 bis 10 TMG sind ist die Betreiberin als Dien\u00adstean\u00adbi\u00adeter jedoch nicht verpflichtet, \u00fcber\u00admit\u00adtelte oder gespe\u00adicherte fremde Infor\u00adma\u00adtio\u00adnen zu \u00fcberwachen oder nach Umst\u00e4n\u00adden zu forschen, die auf eine rechtswidrige T\u00e4tigkeit hinweisen.<\/p>\n<p class=\"standard\">Verpflich\u00adtun\u00adgen zur Ent\u00adfer\u00adnung oder Sper\u00adrung der Nutzung von Infor\u00adma\u00adtio\u00adnen nach den all\u00adge\u00admeinen Geset\u00adzen bleiben hier\u00advon unber\u00fchrt. Eine dies\u00adbez\u00fcgliche Haf\u00adtung ist jedoch erst ab dem Zeit\u00adpunkt der Ken\u00adnt\u00adnis ein\u00ader konkreten Rechtsver\u00adlet\u00adzung m\u00f6glich. Bei Bekan\u00adntwer\u00adden von entsprechen\u00adden Rechtsver\u00adlet\u00adzun\u00adgen wird die Betreiberin diese Inhalte umge\u00adhend entfernen.<\/p>\n<h3>Haf\u00adtung f\u00fcr&nbsp;Links<\/h3>\n<p class=\"standard\">Das Ange\u00adbot auf diesen Seit\u00aden enth\u00e4lt Links zu exter\u00adnen Web\u00adseit\u00aden Drit\u00adter, auf deren Inhalte die Betreiberin keinen Ein\u00adfluss hat. Deshalb kann sie f\u00fcr diese frem\u00adden Inhalte auch keine Gew\u00e4hr \u00fcbernehmen. F\u00fcr die Inhalte der ver\u00adlink\u00adten Seit\u00aden ist stets der jew\u00adeilige Anbi\u00adeter oder Betreiber der Seit\u00aden ver\u00adant\u00adwortlich. Die ver\u00adlink\u00adten Seit\u00aden wur\u00adden zum Zeit\u00adpunkt der Ver\u00adlinkung auf m\u00f6gliche Rechtsver\u00adst\u00f6\u00dfe \u00fcber\u00adpr\u00fcft. Rechtswidrige Inhalte waren zum Zeit\u00adpunkt der Ver\u00adlinkung nicht erkennbar.<\/p>\n<p class=\"standard\">Eine per\u00adma\u00adnente inhaltliche Kon\u00adtrolle der ver\u00adlink\u00adten Seit\u00aden ist jedoch ohne konkrete Anhalt\u00adspunk\u00adte ein\u00ader Rechtsver\u00adlet\u00adzung nicht zumut\u00adbar. Bei Bekan\u00adntwer\u00adden von Rechtsver\u00adlet\u00adzun\u00adgen wird die Betreiberin der\u00adar\u00adtige Links umge\u00adhend entfernen.<\/p>\n<h3>Urhe\u00adber\u00adrecht<\/h3>\n<p class=\"standard\">Die durch die Seit\u00aden\u00adbe\u00adtreiberin erstell\u00adten Inhalte und Werke auf diesen Seit\u00aden unter\u00adliegen dem deutschen Urhe\u00adber\u00adrecht. Die Vervielf\u00e4l\u00adti\u00adgung, Bear\u00adbeitung, Ver\u00adbre\u00aditung und jede Art der Ver\u00adw\u00ader\u00adtung au\u00dfer\u00adhalb der Gren\u00adzen des Urhe\u00adber\u00adrecht\u00ades bed\u00fcr\u00adfen der schriftlichen Zus\u00adtim\u00admung des jew\u00adeili\u00adgen Autors bzw. Erstellers. Down\u00adloads und Kopi\u00aden dieser Seite sind nur f\u00fcr den pri\u00advat\u00aden, nicht kom\u00admerziellen Gebrauch gestattet.<\/p>\n<p class=\"standard\">Soweit die Inhalte auf dieser Seite nicht von der Betreiberin erstellt wur\u00adden, wer\u00adden die Urhe\u00adber\u00adrechte Drit\u00adter beachtet. Ins\u00adbeson\u00addere wer\u00adden Inhalte Drit\u00adter als solche gekennze\u00adich\u00adnet. Soll\u00adten Sie trotz\u00addem auf eine Urhe\u00adber\u00adrechtsver\u00adlet\u00adzung aufmerk\u00adsam wer\u00adden, bit\u00adtet die Betreiberin um einen entsprechen\u00adden Hin\u00adweis. Bei Bekan\u00adntwer\u00adden von Rechtsver\u00adlet\u00adzun\u00adgen wird die Betreiberin der\u00adar\u00adtige Inhalte umge\u00adhend entfernen.<\/p>\n<p class=\"standard\">F\u00fcr alle auf diesen Seit\u00aden ver\u00adwen\u00adde\u00adten Werke der Betreiberin gilt der fol\u00adgende Ver\u00admerk:<br class=\"clear\">Copy\u00adright \u00a9 Anni\u00adka D\u00f6ring, FRSA \/ VG Bild-Kun\u00adst. All rights reserved.<\/p>\n<p class=\"author\">Quelle: <a href=\"https:\/\/www.e-recht24.de\" target=\"_blank\" rel=\"noopener noreferrer\">eRecht24<\/a><\/p>\n<p class=\"center\" style=\"margin-top: 5em;\">Copy\u00adright \u00a9 VG Bild-Kun\u00adst, Bonn&nbsp;2026<\/p>\n<div class=\"shariff shariff-align-flex-start shariff-widget-align-flex-start shariff-buttonstretch\"><ul class=\"shariff-buttons theme-white orientation-horizontal buttonsize-medium\"><li class=\"shariff-button facebook shariff-nocustomcolor\" style=\"background-color:#4273c8\"><a href=\"https:\/\/www.facebook.com\/sharer\/sharer.php?u=https%3A%2F%2Fannika-doering.de%2F%3Fpage_id%3D66\" title=\"Bei Facebook teilen\" aria-label=\"Bei Facebook teilen\" role=\"button\" rel=\"nofollow\" class=\"shariff-link\" style=\"; background-color:#3b5998; color:#3b5998\" target=\"_blank\"><span class=\"shariff-icon\" style=\"fill:#3b5998\"><svg width=\"32px\" height=\"20px\" viewBox=\"0 0 18 32\"><path fill=\"#3b5998\" d=\"M17.1 0.2v4.7h-2.8q-1.5 0-2.1 0.6t-0.5 1.9v3.4h5.2l-0.7 5.3h-4.5v13.6h-5.5v-13.6h-4.5v-5.3h4.5v-3.9q0-3.3 1.9-5.2t5-1.8q2.6 0 4.1 0.2z\" \/><\/svg><\/span><span class=\"shariff-text\" style=\"color:#3b5998\">teilen<\/span>&nbsp;<\/a><\/li><li class=\"shariff-button linkedin shariff-nocustomcolor\" style=\"background-color:#1488bf\"><a href=\"https:\/\/www.linkedin.com\/sharing\/share-offsite\/?url=https%3A%2F%2Fannika-doering.de%2F%3Fpage_id%3D66\" title=\"Bei LinkedIn teilen\" aria-label=\"Bei LinkedIn teilen\" role=\"button\" rel=\"noopener nofollow\" class=\"shariff-link\" style=\"; background-color:#0077b5; color:#0077b5\" target=\"_blank\"><span class=\"shariff-icon\" style=\"fill:#0077b5\"><svg width=\"32px\" height=\"20px\" viewBox=\"0 0 27 32\"><path fill=\"#0077b5\" d=\"M6.2 11.2v17.7h-5.9v-17.7h5.9zM6.6 5.7q0 1.3-0.9 2.2t-2.4 0.9h0q-1.5 0-2.4-0.9t-0.9-2.2 0.9-2.2 2.4-0.9 2.4 0.9 0.9 2.2zM27.4 18.7v10.1h-5.9v-9.5q0-1.9-0.7-2.9t-2.3-1.1q-1.1 0-1.9 0.6t-1.2 1.5q-0.2 0.5-0.2 1.4v9.9h-5.9q0-7.1 0-11.6t0-5.3l0-0.9h5.9v2.6h0q0.4-0.6 0.7-1t1-0.9 1.6-0.8 2-0.3q3 0 4.9 2t1.9 6z\" \/><\/svg><\/span><span class=\"shariff-text\" style=\"color:#0077b5\">teilen<\/span>&nbsp;<\/a><\/li><li class=\"shariff-button xing shariff-nocustomcolor\" style=\"background-color:#29888a\"><a href=\"https:\/\/www.xing.com\/spi\/shares\/new?url=https%3A%2F%2Fannika-doering.de%2F%3Fpage_id%3D66\" title=\"Bei XING teilen\" aria-label=\"Bei XING teilen\" role=\"button\" rel=\"noopener nofollow\" class=\"shariff-link\" style=\"; background-color:#126567; color:#126567\" target=\"_blank\"><span class=\"shariff-icon\" style=\"fill:#126567\"><svg width=\"32px\" height=\"20px\" viewBox=\"0 0 25 32\"><path fill=\"#126567\" d=\"M10.7 11.9q-0.2 0.3-4.6 8.2-0.5 0.8-1.2 0.8h-4.3q-0.4 0-0.5-0.3t0-0.6l4.5-8q0 0 0 0l-2.9-5q-0.2-0.4 0-0.7 0.2-0.3 0.5-0.3h4.3q0.7 0 1.2 0.8zM25.1 0.4q0.2 0.3 0 0.7l-9.4 16.7 6 11q0.2 0.4 0 0.6-0.2 0.3-0.6 0.3h-4.3q-0.7 0-1.2-0.8l-6-11.1q0.3-0.6 9.5-16.8 0.4-0.8 1.2-0.8h4.3q0.4 0 0.5 0.3z\" \/><\/svg><\/span><span class=\"shariff-text\" style=\"color:#126567\">teilen<\/span>&nbsp;<\/a><\/li><\/ul><\/div>","protected":false},"excerpt":{"rendered":"<p>Imprint Accord\u00ading to Ger\u00adman Law in Ger\u00adman Angaben gem\u00e4\u00df \u00a7 5&nbsp;TMG: Anni\u00adka D\u00f6ringBres\u00adlauer Stra\u00dfe 1444809 BochumGer\u00admany Kon\u00adtakt: Mobile:+49 (0)179 | 44 21 66 5E\u2011Mail:info@annika-doering.de Ver\u00adant\u00adwortlich f\u00fcr den Inhalt nach \u00a7 55 Abs. 2&nbsp;RStV: Anni\u00adka D\u00f6ringBres\u00adlauer Stra\u00dfe 1444809 Bochum Admin\u00adis\u00adtra\u00adtion und Design: Hans-Peter F\u00fchrerJoseph\u00adstra\u00dfe 4244791 Bochum Mobile:+49 (0)160 | 90 02 08 57E\u2011Mail:hpfuehrer@yahoo.de Mit\u00adglied im Netzwerk&nbsp;[\u2026]<\/p>\n","protected":false},"author":1,"featured_media":0,"parent":64,"menu_order":61,"comment_status":"closed","ping_status":"closed","template":"","meta":{"wp_typography_post_enhancements_disabled":false,"footnotes":"","_links_to":"","_links_to_target":""},"class_list":["post-66","page","type-page","status-publish","hentry"],"_links":{"self":[{"href":"https:\/\/annika-doering.de\/index.php?rest_route=\/wp\/v2\/pages\/66","targetHints":{"allow":["GET"]}}],"collection":[{"href":"https:\/\/annika-doering.de\/index.php?rest_route=\/wp\/v2\/pages"}],"about":[{"href":"https:\/\/annika-doering.de\/index.php?rest_route=\/wp\/v2\/types\/page"}],"author":[{"embeddable":true,"href":"https:\/\/annika-doering.de\/index.php?rest_route=\/wp\/v2\/users\/1"}],"replies":[{"embeddable":true,"href":"https:\/\/annika-doering.de\/index.php?rest_route=%2Fwp%2Fv2%2Fcomments&post=66"}],"version-history":[{"count":100,"href":"https:\/\/annika-doering.de\/index.php?rest_route=\/wp\/v2\/pages\/66\/revisions"}],"predecessor-version":[{"id":4053,"href":"https:\/\/annika-doering.de\/index.php?rest_route=\/wp\/v2\/pages\/66\/revisions\/4053"}],"up":[{"embeddable":true,"href":"https:\/\/annika-doering.de\/index.php?rest_route=\/wp\/v2\/pages\/64"}],"wp:attachment":[{"href":"https:\/\/annika-doering.de\/index.php?rest_route=%2Fwp%2Fv2%2Fmedia&parent=66"}],"curies":[{"name":"wp","href":"https:\/\/api.w.org\/{rel}","templated":true}]}}